{"id":228211,"date":"2026-02-10T17:53:10","date_gmt":"2026-02-10T16:53:10","guid":{"rendered":"https:\/\/marinalari.com\/?post_type=product&#038;p=228211"},"modified":"2026-04-28T12:19:04","modified_gmt":"2026-04-28T10:19:04","slug":"maglia-smanicata-114670","status":"publish","type":"product","link":"https:\/\/marinalari.com\/it\/negozio\/abbigliamento\/maglia-smanicata-114670\/","title":{"rendered":"Maglia smanicata"},"content":{"rendered":"","protected":false},"excerpt":{"rendered":"<p>Maglia smanicata in cotone con stramature, dipinta a mano. Scollo a V. Vestibilit\u00e0 regolare. Si adatta alle forme del corpo, allungandosi e restringendosi.<\/p>\n<p>Misure taglia XS: lunghezza 60 cm. Le misure delle taglie successive aumentano 2 cm in lunghezza e 2 cm in larghezza.<\/p>\n<p>Nota artigianale: ogni capo \u00e8 realizzato con lavorazioni artigianali di pittura o spruzzatura manuale. Eventuali irregolarit\u00e0, sfumature di colore o variazioni di intensit\u00e0 non sono da considerarsi difetti, ma caratteristiche distintive che rendono ogni pezzo unico. Data la particolarit\u00e0 del trattamento, si consiglia di maneggiare il capo con cura.<\/p>\n<p><strong>Materiale:<\/strong> 100% cotone<\/p>\n<p><strong>Colore:<\/strong> fango<\/p>\n","protected":false},"featured_media":235468,"comment_status":"open","ping_status":"closed","template":"","meta":[],"product_brand":[],"product_cat":[160,75],"product_tag":[539],"class_list":{"0":"post-228211","1":"product","2":"type-product","3":"status-publish","4":"has-post-thumbnail","6":"product_cat-abbigliamento","7":"product_cat-maglieria","8":"product_tag-primavera-estate","9":"pa_brand-avant-toi","10":"pa_colore-grigio","11":"pa_size-s","12":"pa_size-xs","13":"pa_stagione-primavera-estate","15":"first","16":"outofstock","17":"shipping-taxable","18":"product-type-variable"},"_links":{"self":[{"href":"https:\/\/marinalari.com\/it\/wp-json\/wp\/v2\/product\/228211","targetHints":{"allow":["GET"]}}],"collection":[{"href":"https:\/\/marinalari.com\/it\/wp-json\/wp\/v2\/product"}],"about":[{"href":"https:\/\/marinalari.com\/it\/wp-json\/wp\/v2\/types\/product"}],"replies":[{"embeddable":true,"href":"https:\/\/marinalari.com\/it\/wp-json\/wp\/v2\/comments?post=228211"}],"wp:featuredmedia":[{"embeddable":true,"href":"https:\/\/marinalari.com\/it\/wp-json\/wp\/v2\/media\/235468"}],"wp:attachment":[{"href":"https:\/\/marinalari.com\/it\/wp-json\/wp\/v2\/media?parent=228211"}],"wp:term":[{"taxonomy":"product_brand","embeddable":true,"href":"https:\/\/marinalari.com\/it\/wp-json\/wp\/v2\/product_brand?post=228211"},{"taxonomy":"product_cat","embeddable":true,"href":"https:\/\/marinalari.com\/it\/wp-json\/wp\/v2\/product_cat?post=228211"},{"taxonomy":"product_tag","embeddable":true,"href":"https:\/\/marinalari.com\/it\/wp-json\/wp\/v2\/product_tag?post=228211"}],"curies":[{"name":"wp","href":"https:\/\/api.w.org\/{rel}","templated":true}]}}