{"id":228720,"date":"2026-02-14T16:45:43","date_gmt":"2026-02-14T15:45:43","guid":{"rendered":"https:\/\/marinalari.com\/?post_type=product&#038;p=228720"},"modified":"2026-03-27T16:37:46","modified_gmt":"2026-03-27T15:37:46","slug":"abito-in-raso-di-seta-114673","status":"publish","type":"product","link":"https:\/\/marinalari.com\/it\/negozio\/abbigliamento\/abito-in-raso-di-seta-114673\/","title":{"rendered":"Abito in raso di seta"},"content":{"rendered":"","protected":false},"excerpt":{"rendered":"<p>Abito over in raso di seta elasticizzato, completamente spruzzato a mano. Scollo a V e maniche 3\/4, cuciture e rifiniture a taglio vivo. Vestibilit\u00e0 over.<\/p>\n<p>Misure taglia XS: lunghezza 89 cm, larghezza 52 cm. Le misure delle taglie successive aumentano di 2 cm in lunghezza e 2 cm in larghezza.<\/p>\n<p>Nota artigianale: ogni capo \u00e8 realizzato con lavorazioni artigianali di pittura o spruzzatura manuale. Eventuali irregolarit\u00e0, sfumature di colore o variazioni di intensit\u00e0 non sono da considerarsi difetti, ma caratteristiche distintive che rendono ogni pezzo unico. Data la particolarit\u00e0 del trattamento, si consiglia di maneggiare il capo con cura.<\/p>\n<p><strong style=\"font-size: inherit;\">Materiale: <\/strong>94% seta, 6% elastan<\/p>\n<p><strong>Colore:<\/strong> antilope<\/p>\n","protected":false},"featured_media":234803,"comment_status":"open","ping_status":"closed","template":"","meta":[],"product_brand":[],"product_cat":[160,74],"product_tag":[539],"class_list":{"0":"post-228720","1":"product","2":"type-product","3":"status-publish","4":"has-post-thumbnail","6":"product_cat-abbigliamento","7":"product_cat-abiti","8":"product_tag-primavera-estate","9":"pa_brand-avant-toi","10":"pa_colore-ruggine","11":"pa_size-s","12":"pa_size-xs","13":"pa_stagione-primavera-estate","15":"first","16":"instock","17":"shipping-taxable","18":"purchasable","19":"product-type-variable"},"_links":{"self":[{"href":"https:\/\/marinalari.com\/it\/wp-json\/wp\/v2\/product\/228720","targetHints":{"allow":["GET"]}}],"collection":[{"href":"https:\/\/marinalari.com\/it\/wp-json\/wp\/v2\/product"}],"about":[{"href":"https:\/\/marinalari.com\/it\/wp-json\/wp\/v2\/types\/product"}],"replies":[{"embeddable":true,"href":"https:\/\/marinalari.com\/it\/wp-json\/wp\/v2\/comments?post=228720"}],"wp:featuredmedia":[{"embeddable":true,"href":"https:\/\/marinalari.com\/it\/wp-json\/wp\/v2\/media\/234803"}],"wp:attachment":[{"href":"https:\/\/marinalari.com\/it\/wp-json\/wp\/v2\/media?parent=228720"}],"wp:term":[{"taxonomy":"product_brand","embeddable":true,"href":"https:\/\/marinalari.com\/it\/wp-json\/wp\/v2\/product_brand?post=228720"},{"taxonomy":"product_cat","embeddable":true,"href":"https:\/\/marinalari.com\/it\/wp-json\/wp\/v2\/product_cat?post=228720"},{"taxonomy":"product_tag","embeddable":true,"href":"https:\/\/marinalari.com\/it\/wp-json\/wp\/v2\/product_tag?post=228720"}],"curies":[{"name":"wp","href":"https:\/\/api.w.org\/{rel}","templated":true}]}}