{"id":228834,"date":"2026-02-15T15:28:20","date_gmt":"2026-02-15T14:28:20","guid":{"rendered":"https:\/\/marinalari.com\/?post_type=product&#038;p=228834"},"modified":"2026-03-21T16:44:27","modified_gmt":"2026-03-21T15:44:27","slug":"canotta-a-costine-114678","status":"publish","type":"product","link":"https:\/\/marinalari.com\/it\/negozio\/abbigliamento\/canotta-a-costine-114678\/","title":{"rendered":"Canotta a costine"},"content":{"rendered":"","protected":false},"excerpt":{"rendered":"<p>Canotta in jersey a costine in tessuto di seta e viscosa completamente spruzzata a mano, rifiniture scollo e giri con raso di seta elasticizzato, scollo tondo e sceso.<\/p>\n<p>Misure taglia XS: lunghezza 58 cm. Le misure delle taglie successive aumentano di 2 cm in lunghezza e 2 cm in larghezza.<\/p>\n<p>Nota artigianale: ogni capo \u00e8 realizzato con lavorazioni artigianali di pittura o spruzzatura manuale. Eventuali irregolarit\u00e0, sfumature di colore o variazioni di intensit\u00e0 non sono da considerarsi difetti, ma caratteristiche distintive che rendono ogni pezzo unico. Data la particolarit\u00e0 del trattamento, si consiglia di maneggiare il capo con cura.<\/p>\n<p><strong>Materiale:<\/strong> 94% seta, 6% elastan<\/p>\n<p><strong>Colore:<\/strong> moro<\/p>\n","protected":false},"featured_media":228838,"comment_status":"open","ping_status":"closed","template":"","meta":[],"product_brand":[],"product_cat":[160,365],"product_tag":[539],"class_list":{"0":"post-228834","1":"product","2":"type-product","3":"status-publish","4":"has-post-thumbnail","6":"product_cat-abbigliamento","7":"product_cat-t-shirt","8":"product_tag-primavera-estate","9":"pa_brand-avant-toi","10":"pa_colore-marrone","11":"pa_size-m","12":"pa_size-s","13":"pa_size-xs","14":"pa_stagione-primavera-estate","16":"first","17":"instock","18":"shipping-taxable","19":"purchasable","20":"product-type-variable"},"_links":{"self":[{"href":"https:\/\/marinalari.com\/it\/wp-json\/wp\/v2\/product\/228834","targetHints":{"allow":["GET"]}}],"collection":[{"href":"https:\/\/marinalari.com\/it\/wp-json\/wp\/v2\/product"}],"about":[{"href":"https:\/\/marinalari.com\/it\/wp-json\/wp\/v2\/types\/product"}],"replies":[{"embeddable":true,"href":"https:\/\/marinalari.com\/it\/wp-json\/wp\/v2\/comments?post=228834"}],"wp:featuredmedia":[{"embeddable":true,"href":"https:\/\/marinalari.com\/it\/wp-json\/wp\/v2\/media\/228838"}],"wp:attachment":[{"href":"https:\/\/marinalari.com\/it\/wp-json\/wp\/v2\/media?parent=228834"}],"wp:term":[{"taxonomy":"product_brand","embeddable":true,"href":"https:\/\/marinalari.com\/it\/wp-json\/wp\/v2\/product_brand?post=228834"},{"taxonomy":"product_cat","embeddable":true,"href":"https:\/\/marinalari.com\/it\/wp-json\/wp\/v2\/product_cat?post=228834"},{"taxonomy":"product_tag","embeddable":true,"href":"https:\/\/marinalari.com\/it\/wp-json\/wp\/v2\/product_tag?post=228834"}],"curies":[{"name":"wp","href":"https:\/\/api.w.org\/{rel}","templated":true}]}}