{"id":230931,"date":"2026-02-24T13:37:56","date_gmt":"2026-02-24T12:37:56","guid":{"rendered":"https:\/\/marinalari.com\/?post_type=product&#038;p=230931"},"modified":"2026-03-29T21:38:58","modified_gmt":"2026-03-29T19:38:58","slug":"abito-corto-115037","status":"publish","type":"product","link":"https:\/\/marinalari.com\/it\/negozio\/abbigliamento\/abito-corto-115037\/","title":{"rendered":"Abito corto"},"content":{"rendered":"","protected":false},"excerpt":{"rendered":"<p>Abito corto in tessuto acetato con effetto stropicciato. Modello reversibile, indossabile in entrambi i sensi: con scollo tondo ampio sul davanti per un look pi\u00f9 essenziale e pulito,oppure con scollatura profonda a V con cinque bottoni a vista per un effetto pi\u00f9 deciso e femminile. La vita \u00e8 definita da un cinturino applicato che struttura delicatamente la silhouette. Gonna leggermente svasata con linea fluida e movimento morbido. Chiusura con zip invisibile integrata nella costruzione.<\/p>\n<p>Misure taglia 40<b>:<\/b> lunghezza 88 cm, circonferenza vita 76 cm. Le misure delle taglie successive aumentano di 2 cm in lunghezza e di 4 cm in circonferenza.<\/p>\n<p><strong style=\"font-size: inherit;\">Materiale:<\/strong><span style=\"font-size: inherit;\"> 100% acetato<\/span><\/p>\n<p><strong>Colore:<\/strong> greige<\/p>\n","protected":false},"featured_media":235547,"comment_status":"open","ping_status":"closed","template":"","meta":[],"product_brand":[],"product_cat":[160,74],"product_tag":[539],"class_list":{"0":"post-230931","1":"product","2":"type-product","3":"status-publish","4":"has-post-thumbnail","6":"product_cat-abbigliamento","7":"product_cat-abiti","8":"product_tag-primavera-estate","9":"pa_brand-marina-lari","10":"pa_colore-bianco","11":"pa_size-80","12":"pa_size-81","13":"pa_size-82","14":"pa_stagione-primavera-estate","16":"first","17":"instock","18":"shipping-taxable","19":"purchasable","20":"product-type-variable"},"_links":{"self":[{"href":"https:\/\/marinalari.com\/it\/wp-json\/wp\/v2\/product\/230931","targetHints":{"allow":["GET"]}}],"collection":[{"href":"https:\/\/marinalari.com\/it\/wp-json\/wp\/v2\/product"}],"about":[{"href":"https:\/\/marinalari.com\/it\/wp-json\/wp\/v2\/types\/product"}],"replies":[{"embeddable":true,"href":"https:\/\/marinalari.com\/it\/wp-json\/wp\/v2\/comments?post=230931"}],"wp:featuredmedia":[{"embeddable":true,"href":"https:\/\/marinalari.com\/it\/wp-json\/wp\/v2\/media\/235547"}],"wp:attachment":[{"href":"https:\/\/marinalari.com\/it\/wp-json\/wp\/v2\/media?parent=230931"}],"wp:term":[{"taxonomy":"product_brand","embeddable":true,"href":"https:\/\/marinalari.com\/it\/wp-json\/wp\/v2\/product_brand?post=230931"},{"taxonomy":"product_cat","embeddable":true,"href":"https:\/\/marinalari.com\/it\/wp-json\/wp\/v2\/product_cat?post=230931"},{"taxonomy":"product_tag","embeddable":true,"href":"https:\/\/marinalari.com\/it\/wp-json\/wp\/v2\/product_tag?post=230931"}],"curies":[{"name":"wp","href":"https:\/\/api.w.org\/{rel}","templated":true}]}}