{"id":232038,"date":"2026-03-13T12:41:18","date_gmt":"2026-03-13T11:41:18","guid":{"rendered":"https:\/\/marinalari.com\/?post_type=product&#038;p=232038"},"modified":"2026-04-02T13:09:27","modified_gmt":"2026-04-02T11:09:27","slug":"camicia-oversize-114789","status":"publish","type":"product","link":"https:\/\/marinalari.com\/it\/negozio\/abbigliamento\/camicia-oversize-114789\/","title":{"rendered":"Camicia oversize"},"content":{"rendered":"","protected":false},"excerpt":{"rendered":"<p>Camicia oversize in cotone devor\u00e9 con lavorazione floreale tono su tono. Collo coreano con apertura frontale e chiusura con 5 bottoni. Spalla calata e maniche lunghe e ampie. Tasca a toppa applicata sul davanti. Linea molto ampia con volume morbido. Fondo asimmetrico, pi\u00f9 corto sul davanti e pi\u00f9 lungo sul retro. Tessuto semitrasparente con disegno floreale ottenuto tramite lavorazione devor\u00e9. Vestibilit\u00e0 oversize.<\/p>\n<p>Misure: lunghezza davanti 58 cm, lunghezza dietro 90 cm, larghezza 70 cm.<\/p>\n<p>TAGLIA UNICA<\/p>\n<p><strong>Materiale: <\/strong>88% cotone, 12% poliammide<\/p>\n<p><strong>Colore:<\/strong> nero<\/p>\n","protected":false},"featured_media":236990,"comment_status":"open","ping_status":"closed","template":"","meta":[],"product_brand":[],"product_cat":[160,66],"product_tag":[539],"class_list":{"0":"post-232038","1":"product","2":"type-product","3":"status-publish","4":"has-post-thumbnail","6":"product_cat-abbigliamento","7":"product_cat-camicie","8":"product_tag-primavera-estate","9":"pa_brand-serie-numerica","10":"pa_colore-nero","11":"pa_stagione-primavera-estate","13":"first","14":"instock","15":"shipping-taxable","16":"purchasable","17":"product-type-simple"},"_links":{"self":[{"href":"https:\/\/marinalari.com\/it\/wp-json\/wp\/v2\/product\/232038","targetHints":{"allow":["GET"]}}],"collection":[{"href":"https:\/\/marinalari.com\/it\/wp-json\/wp\/v2\/product"}],"about":[{"href":"https:\/\/marinalari.com\/it\/wp-json\/wp\/v2\/types\/product"}],"replies":[{"embeddable":true,"href":"https:\/\/marinalari.com\/it\/wp-json\/wp\/v2\/comments?post=232038"}],"wp:featuredmedia":[{"embeddable":true,"href":"https:\/\/marinalari.com\/it\/wp-json\/wp\/v2\/media\/236990"}],"wp:attachment":[{"href":"https:\/\/marinalari.com\/it\/wp-json\/wp\/v2\/media?parent=232038"}],"wp:term":[{"taxonomy":"product_brand","embeddable":true,"href":"https:\/\/marinalari.com\/it\/wp-json\/wp\/v2\/product_brand?post=232038"},{"taxonomy":"product_cat","embeddable":true,"href":"https:\/\/marinalari.com\/it\/wp-json\/wp\/v2\/product_cat?post=232038"},{"taxonomy":"product_tag","embeddable":true,"href":"https:\/\/marinalari.com\/it\/wp-json\/wp\/v2\/product_tag?post=232038"}],"curies":[{"name":"wp","href":"https:\/\/api.w.org\/{rel}","templated":true}]}}