{"id":233578,"date":"2026-03-19T17:54:14","date_gmt":"2026-03-19T16:54:14","guid":{"rendered":"https:\/\/marinalari.com\/?post_type=product&#038;p=233578"},"modified":"2026-05-05T17:20:38","modified_gmt":"2026-05-05T15:20:38","slug":"camicia-over-114859","status":"publish","type":"product","link":"https:\/\/marinalari.com\/it\/negozio\/abbigliamento\/camicia-over-114859\/","title":{"rendered":"Camicia over"},"content":{"rendered":"","protected":false},"excerpt":{"rendered":"<p>Camicia over in cotone fil coup\u00e9 jacquard con motivo floreale in rilievo. Collo classico e chiusura frontale con bottoni. Linea ampia con spalla scesa e maniche lunghe con polsino e bottone. Il tessuto presenta una lavorazione jacquard con elementi fil coup\u00e9 che creano un effetto materico e tridimensionale. Orlo arrotondato con lunghezza leggermente pi\u00f9 lunga sul retro. Vestibilit\u00e0 morbida.<span class=\"Apple-converted-space\">\u00a0<\/span><\/p>\n<p>Misure taglia S: lunghezza 66\/70, larghezza 60 cm. Le misure delle taglie successive aumentano di 1 cm in lunghezza e 2 cm in larghezza.<\/p>\n<p><strong>Materiale:<\/strong> 100% cotone<\/p>\n<p><strong>Colore:<\/strong> marrone<\/p>\n","protected":false},"featured_media":233582,"comment_status":"open","ping_status":"closed","template":"","meta":[],"product_brand":[],"product_cat":[160,66],"product_tag":[539],"class_list":{"0":"post-233578","1":"product","2":"type-product","3":"status-publish","4":"has-post-thumbnail","6":"product_cat-abbigliamento","7":"product_cat-camicie","8":"product_tag-primavera-estate","9":"pa_brand-ploumanach","10":"pa_colore-marrone","11":"pa_size-l","12":"pa_size-m","13":"pa_size-s","14":"pa_stagione-primavera-estate","16":"first","17":"instock","18":"shipping-taxable","19":"purchasable","20":"product-type-variable"},"_links":{"self":[{"href":"https:\/\/marinalari.com\/it\/wp-json\/wp\/v2\/product\/233578","targetHints":{"allow":["GET"]}}],"collection":[{"href":"https:\/\/marinalari.com\/it\/wp-json\/wp\/v2\/product"}],"about":[{"href":"https:\/\/marinalari.com\/it\/wp-json\/wp\/v2\/types\/product"}],"replies":[{"embeddable":true,"href":"https:\/\/marinalari.com\/it\/wp-json\/wp\/v2\/comments?post=233578"}],"wp:featuredmedia":[{"embeddable":true,"href":"https:\/\/marinalari.com\/it\/wp-json\/wp\/v2\/media\/233582"}],"wp:attachment":[{"href":"https:\/\/marinalari.com\/it\/wp-json\/wp\/v2\/media?parent=233578"}],"wp:term":[{"taxonomy":"product_brand","embeddable":true,"href":"https:\/\/marinalari.com\/it\/wp-json\/wp\/v2\/product_brand?post=233578"},{"taxonomy":"product_cat","embeddable":true,"href":"https:\/\/marinalari.com\/it\/wp-json\/wp\/v2\/product_cat?post=233578"},{"taxonomy":"product_tag","embeddable":true,"href":"https:\/\/marinalari.com\/it\/wp-json\/wp\/v2\/product_tag?post=233578"}],"curies":[{"name":"wp","href":"https:\/\/api.w.org\/{rel}","templated":true}]}}