{"id":234722,"date":"2026-03-27T15:43:19","date_gmt":"2026-03-27T14:43:19","guid":{"rendered":"https:\/\/marinalari.com\/?post_type=product&#038;p=234722"},"modified":"2026-04-04T13:32:47","modified_gmt":"2026-04-04T11:32:47","slug":"camicia-smanicata-114839","status":"publish","type":"product","link":"https:\/\/marinalari.com\/it\/negozio\/abbigliamento\/camicia-smanicata-114839\/","title":{"rendered":"Camicia smanicate"},"content":{"rendered":"","protected":false},"excerpt":{"rendered":"<p>Camicia senza maniche in lino dalla linea fresca e leggera. Scollo tondo con chiusura centrale frontale a 7 bottoni. Un pannello di tessuto sovrapposto sul davanti crea due ampie tasche laterali integrate nel design, enfatizzando il gioco di volumi. Fondo arrotondato, pi\u00f9 corto davanti e leggermente pi\u00f9 lungo sul retro, rifinito con fascia alta impunturata. Vestibilit\u00e0 regolare con volume fluido sul fondo.<\/p>\n<p>Misure taglia 40: lunghezza 58\/64 cm, larghezza torace 50 cm, larghezza fondo 60 cm. Le misure delle taglie successive aumentano di 1 cm in lunghezza e di 2 cm in larghezza.<\/p>\n<p><strong style=\"font-size: inherit;\">Materiale:<\/strong><span style=\"font-size: inherit;\"> 100% lino<\/span><\/p>\n<p><strong style=\"font-size: inherit;\">Colore:<\/strong><span style=\"font-size: inherit;\"> bianco<\/span><\/p>\n","protected":false},"featured_media":234726,"comment_status":"open","ping_status":"closed","template":"","meta":[],"product_brand":[],"product_cat":[160,66],"product_tag":[539],"class_list":{"0":"post-234722","1":"product","2":"type-product","3":"status-publish","4":"has-post-thumbnail","6":"product_cat-abbigliamento","7":"product_cat-camicie","8":"product_tag-primavera-estate","9":"pa_brand-msm-milano","10":"pa_colore-bianco","11":"pa_size-80","12":"pa_size-81","13":"pa_size-82","14":"pa_stagione-primavera-estate","16":"first","17":"instock","18":"shipping-taxable","19":"purchasable","20":"product-type-variable"},"_links":{"self":[{"href":"https:\/\/marinalari.com\/it\/wp-json\/wp\/v2\/product\/234722","targetHints":{"allow":["GET"]}}],"collection":[{"href":"https:\/\/marinalari.com\/it\/wp-json\/wp\/v2\/product"}],"about":[{"href":"https:\/\/marinalari.com\/it\/wp-json\/wp\/v2\/types\/product"}],"replies":[{"embeddable":true,"href":"https:\/\/marinalari.com\/it\/wp-json\/wp\/v2\/comments?post=234722"}],"wp:featuredmedia":[{"embeddable":true,"href":"https:\/\/marinalari.com\/it\/wp-json\/wp\/v2\/media\/234726"}],"wp:attachment":[{"href":"https:\/\/marinalari.com\/it\/wp-json\/wp\/v2\/media?parent=234722"}],"wp:term":[{"taxonomy":"product_brand","embeddable":true,"href":"https:\/\/marinalari.com\/it\/wp-json\/wp\/v2\/product_brand?post=234722"},{"taxonomy":"product_cat","embeddable":true,"href":"https:\/\/marinalari.com\/it\/wp-json\/wp\/v2\/product_cat?post=234722"},{"taxonomy":"product_tag","embeddable":true,"href":"https:\/\/marinalari.com\/it\/wp-json\/wp\/v2\/product_tag?post=234722"}],"curies":[{"name":"wp","href":"https:\/\/api.w.org\/{rel}","templated":true}]}}